{"id":1387,"date":"2019-06-01T11:31:47","date_gmt":"2019-06-01T09:31:47","guid":{"rendered":"https:\/\/hotelpalacete.appbera.com\/politique-de-confidentialite\/"},"modified":"2019-06-01T11:31:47","modified_gmt":"2019-06-01T09:31:47","slug":"politique-de-confidentialite","status":"publish","type":"page","link":"https:\/\/hotelpalacete.net\/fr\/politique-de-confidentialite\/","title":{"rendered":"Politique de confidentialit\u00e9"},"content":{"rendered":"<br \/>\n<h1 class=\"titulo wow fadeInRight\" data-wow-duration=\"1s\" data-wow-delay=\".6s\">Hotel Palacete<\/h1>\n<h2 class=\"subtitulo wow fadeInRight\" data-wow-duration=\"1s\" data-wow-delay=\".6s\">Pol\u00edtica de Privacidad<\/h2>\n<p class=\"wow fadeInUp\" style=\"text-align: left;\" data-wow-duration=\"1s\" data-wow-delay=\".7s\"><b>IDENTIDAD Y DIRECCI\u00d3N DEL RESPONSABLE DEL FICHERO DONDE SE ENCUENTRAN SU DATOS\u00a0<\/b>En virtud de la normativa aplicable en materia de Protecci\u00f3n de Datos de Car\u00e1cter Personal, Hotel Palacete con domicilio en Plaza Guip\u00fazcoa n\u00famero 5, 20280 Hondarribia (Guip\u00fazcoa) (en adelante Hotel Palacete o los responsables del fichero) le informan que al introducir sus datos a trav\u00e9s de los formularios electr\u00f3nicos de nuestra Web o al enviarnos su \u201ccurr\u00edculum vitae\u201d nos proporcionar\u00e1 determinados Datos de Car\u00e1cter Personal que se tratar\u00e1n de forma automatizada y se incorporar\u00e1n a los correspondientes ficheros mixtos, previamente registrados ante la Agencia Espa\u00f1ola de Protecci\u00f3n de Datos, de los que el responsable del fichero es o ser\u00e1 titular y responsable y, en su caso, encargado del tratamiento.<\/p>\n<p class=\"wow fadeInUp\" style=\"text-align: left;\" data-wow-duration=\"1s\" data-wow-delay=\".7s\"><b>FINALIDAD DEL TRATAMIENTO DE SUS DATOS\u00a0<\/b>La recogida y tratamiento automatizado de sus Datos Personales tiene como finalidades las siguientes: Gesti\u00f3n de clientes en todo lo relacionado con los servicios y alojamiento en nuestros hoteles. En el caso de remitirnos su \u201cCurr\u00edculum Vitae\u201d, la finalidad ser\u00e1 el estudio de los distintos \u201ccurr\u00edculo\u201d para que por nuestro departamento de Recursos Humanos se proceda a la selecci\u00f3n de personal que re\u00fana un perfil id\u00f3neo para incorporarse a la empresa. Usted consiente a que sus datos sean de esta forma tratados y no siendo utilizados para otros usos. Asimismo, por la presente, usted consiente que sus datos sean tratados con fines promocionales y de marketing incluyendo dichas acciones el env\u00edo de comunicaciones comerciales electr\u00f3nicas para el conjunto de productos y servicios que ofrecemos as\u00ed como otros afines al sector hotelero, viajes, gastronom\u00eda y ocio.<\/p>\n<p class=\"wow fadeInUp\" style=\"text-align: left;\" data-wow-duration=\"1s\" data-wow-delay=\".7s\"><b>DERECHOS DE ACCESO, RECTIFICACI\u00d3N, CANCELACI\u00d3N Y OPOSICI\u00d3N\u00a0<\/b>Le informamos que usted como titular de los datos tendr\u00e1 en todo momento el derecho de ejercitar los derechos de acceso, rectificaci\u00f3n, cancelaci\u00f3n y oposici\u00f3n en los t\u00e9rminos recogidos en la legislaci\u00f3n de protecci\u00f3n de datos. A tales fines, bastar\u00e1 solicitud escrita y firmada dirigida a Hotel Palacete, a la siguiente direcci\u00f3n: Plaza Guip\u00fazcoa n\u00famero 5, 20280 Hondarribia (Guip\u00fazcoa) o enviando un e-mail a la siguiente direcci\u00f3n de correo electr\u00f3nico info@hotelpalacete.com, con el siguiente contenido: Si la solicitud se ejercita por el propio interesado &#8211; Identidad del solicitante: Nombre y Apellidos del interesado y fotocopia de DNI. La fotocopia de DNI podr\u00e1 sustituirse siempre que se acredite la identidad por cualquier otro medio valido en derecho &#8211; Domicilio a efectos de notificaciones, fecha y firma del solicitante &#8211; Petici\u00f3n en la que se concreta la solicitud (acceso, rectificaci\u00f3n, cancelaci\u00f3n y oposici\u00f3n) En caso que ejercite los derechos de rectificaci\u00f3n o cancelaci\u00f3n deber\u00e1 indicar a qu\u00e9 datos se refiere y la correcci\u00f3n que haya de realizarse, en su caso. &#8211; Aportar documentos acreditativos de la petici\u00f3n que formula. Si la solicitud se ejercita a trav\u00e9s de representante voluntario\/legal &#8211; Identidad del representado: aportaci\u00f3n de copia de DNI o documento equivalente &#8211; Representaci\u00f3n conferida por el titular de los datos personales. &#8211; Domicilio a efectos de notificaciones, fecha y firma del solicitante &#8211; Petici\u00f3n en la que se concreta la solicitud (acceso, rectificaci\u00f3n, cancelaci\u00f3n y oposici\u00f3n) En caso que ejercite los derechos de rectificaci\u00f3n o cancelaci\u00f3n deber\u00e1 indicar a qu\u00e9 datos se refiere y la correcci\u00f3n que haya de realizarse, en su caso. &#8211; Aportar documentos acreditativos de la petici\u00f3n que formula.<\/p>\n<p class=\"wow fadeInUp\" style=\"text-align: left;\" data-wow-duration=\"1s\" data-wow-delay=\".7s\"><b>CESI\u00d3N\u00a0<\/b>Le informamos que, en cumplimiento de la legislaci\u00f3n vigente, sus datos son cedidos a Cuerpos y Fuerzas de Seguridad del Estado. Debido a las caracter\u00edsticas propias de la actividad y los servicios de Hotel Palacete y para el perfecto desarrollo y consecuci\u00f3n de sus objetivos, se hace necesaria las cesiones de datos personales a terceros, incluyendo transferencias internacionales. Asimismo, por la presente consiente que los datos personales que nos suministre, incluida la situaci\u00f3n de impago, sean cedidos a Hotel Palacete para las citadas finalidades y, en particular, para fines promocionales y de marketing tanto por cuenta de Hotel Palacete como por cuenta de sus asociados. Para el caso de remitirnos su CV, el responsable del fichero le comunica que sus datos personales ser\u00e1n cedidos a Hotel Palacete dedicado al sector hotelero referenciado en el Aviso legal, a fin de hacerle participar en los procesos de selecci\u00f3n de Hotel Palacete.<\/p>\n<p class=\"wow fadeInUp\" style=\"text-align: left;\" data-wow-duration=\"1s\" data-wow-delay=\".7s\"><b>USO DE COOKIES\u00a0<\/b>Asimismo, le informamos que cuando se conecta a nuestra p\u00e1gina Web, el ordenador donde la tenemos alojada reconoce autom\u00e1ticamente la direcci\u00f3n IP de su ordenador, el d\u00eda y la hora a la que ha entrado, a la que nos ha abandonado, y por qu\u00e9 partes de nuestra p\u00e1gina Web se ha movido. Ello se hace necesario para que nuestro ordenador tenga conocimiento de estos datos de su ordenador y de esta forma poder comunicarse con \u00e9l para enviarle lo que usted le pida a trav\u00e9s de su navegador y pueda verlo en su pantalla. Ni nuestro ordenador ni nosotros mismos podemos conocer sus datos personales si no ha sido usted mismo el que nos los ha proporcionado. Nuestro ordenador, donde est\u00e1 alojada la p\u00e1gina Web, utiliza \u201ccookies\u201d para mejorar el servicio que prestamos. Estas \u201ccookies\u201d se instalan autom\u00e1ticamente pero no contienen ning\u00fan tipo de informaci\u00f3n sobre usted sino, exclusivamente, informaci\u00f3n t\u00e9cnica que permite la mejor comunicaci\u00f3n con nuestro ordenador. En su caso, dicha informaci\u00f3n s\u00f3lo ser\u00e1 tratada \u00fanicamente con car\u00e1cter global y estad\u00edstico.<\/p>\n<p class=\"wow fadeInUp\" style=\"text-align: left;\" data-wow-duration=\"1s\" data-wow-delay=\".7s\"><b>MEDIDAS DE SEGURIDAD\u00a0<\/b>El responsable del fichero ha adoptado las medidas legalmente exigidas de seguridad en sus instalaciones, sistemas y ficheros de conformidad con lo establecido en el RD. 1720\/2007 de 21 de diciembre por el que se aprueba el Reglamento de desarrollo de la Ley Org\u00e1nica 15\/1999, en funci\u00f3n de la sensibilidad de los datos que nos proporciona. Asimismo, el responsable del fichero garantiza la confidencialidad de los Datos Personales, aunque revelar\u00e1 a las autoridades p\u00fablicas competentes los Datos Personales y cualquier otra informaci\u00f3n que est\u00e9 en su poder o sea accesible a trav\u00e9s de sus sistemas y sea requerida de conformidad con las disposiciones legales y reglamentarias aplicables.<\/p>\n<p class=\"wow fadeInUp\" style=\"text-align: left;\" data-wow-duration=\"1s\" data-wow-delay=\".7s\"><b>PRINCIPIO DE CALIDAD, MENORES y REVOCACI\u00d3N\u00a0<\/b>El responsable del fichero vela por mantener la calidad de los datos que usted nos proporciona, asegurando que sean adecuados, pertinentes y no excesivos para la finalidad leg\u00edtima del tratamiento. Los usuarios garantizan y responden, en cualquier caso, de la veracidad, exactitud, vigencia, autenticidad, de los Datos Personales proporcionados, y se comprometen a mantenerlos debidamente actualizados. Los servicios de Hotel Palacete no est\u00e1n destinados a menores y Hotel Palacete no solicita ni recoge informaci\u00f3n relativa a personas menores de edad. De conformidad con lo dispuesto en el Art. 17 del Reglamento que desarrolla la LOPD usted podr\u00e1 revocar el consentimiento en cualquier momento. Si nos ha facilitado sus datos personales a trav\u00e9s de cualquier medio respecto a servicios ofrecidos por la Web Hotel Palacete o quiere revocar el consentimiento prestado, dir\u00edjanos un Email a la siguiente direcci\u00f3n de correo electr\u00f3nico info@hotelpalacete.com, o bien por correo postal a Plaza Guip\u00fazcoa n\u00famero 5, 20280 Hondarribia (Guip\u00fazcoa). En caso de que nuestra pol\u00edtica de protecci\u00f3n de datos tuviera que variar a consecuencia de cambios legislativos o de criterios emanados de la Agencia de Protecci\u00f3n de Datos ser\u00eda convenientemente informado de cualquier variaci\u00f3n que fuere necesaria introducir para cumplir con la ley.<\/p>\n","protected":false},"excerpt":{"rendered":"<p>Hotel Palacete Pol\u00edtica de Privacidad IDENTIDAD Y DIRECCI\u00d3N DEL RESPONSABLE DEL FICHERO DONDE SE ENCUENTRAN SU DATOS\u00a0En virtud de la normativa aplicable en materia de Protecci\u00f3n de Datos de Car\u00e1cter Personal, Hotel Palacete con domicilio en Plaza Guip\u00fazcoa n\u00famero 5, 20280 Hondarribia (Guip\u00fazcoa) (en adelante Hotel Palacete o los responsables del fichero) le informan que [&hellip;]<\/p>\n","protected":false},"author":1,"featured_media":0,"parent":0,"menu_order":0,"comment_status":"closed","ping_status":"closed","template":"","meta":{"_monsterinsights_skip_tracking":false,"_monsterinsights_sitenote_active":false,"_monsterinsights_sitenote_note":"","_monsterinsights_sitenote_category":0,"site-sidebar-layout":"default","site-content-layout":"","ast-site-content-layout":"default","site-content-style":"default","site-sidebar-style":"default","ast-global-header-display":"","ast-banner-title-visibility":"","ast-main-header-display":"","ast-hfb-above-header-display":"","ast-hfb-below-header-display":"","ast-hfb-mobile-header-display":"","site-post-title":"","ast-breadcrumbs-content":"","ast-featured-img":"","footer-sml-layout":"","ast-disable-related-posts":"","theme-transparent-header-meta":"","adv-header-id-meta":"","stick-header-meta":"","header-above-stick-meta":"","header-main-stick-meta":"","header-below-stick-meta":"","astra-migrate-meta-layouts":"default","ast-page-background-enabled":"default","ast-page-background-meta":{"desktop":{"background-color":"","background-image":"","background-repeat":"repeat","background-position":"center center","background-size":"auto","background-attachment":"scroll","background-type":"","background-media":"","overlay-type":"","overlay-color":"","overlay-opacity":"","overlay-gradient":""},"tablet":{"background-color":"","background-image":"","background-repeat":"repeat","background-position":"center center","background-size":"auto","background-attachment":"scroll","background-type":"","background-media":"","overlay-type":"","overlay-color":"","overlay-opacity":"","overlay-gradient":""},"mobile":{"background-color":"","background-image":"","background-repeat":"repeat","background-position":"center center","background-size":"auto","background-attachment":"scroll","background-type":"","background-media":"","overlay-type":"","overlay-color":"","overlay-opacity":"","overlay-gradient":""}},"ast-content-background-meta":{"desktop":{"background-color":"var(--ast-global-color-5)","background-image":"","background-repeat":"repeat","background-position":"center center","background-size":"auto","background-attachment":"scroll","background-type":"","background-media":"","overlay-type":"","overlay-color":"","overlay-opacity":"","overlay-gradient":""},"tablet":{"background-color":"var(--ast-global-color-5)","background-image":"","background-repeat":"repeat","background-position":"center center","background-size":"auto","background-attachment":"scroll","background-type":"","background-media":"","overlay-type":"","overlay-color":"","overlay-opacity":"","overlay-gradient":""},"mobile":{"background-color":"var(--ast-global-color-5)","background-image":"","background-repeat":"repeat","background-position":"center center","background-size":"auto","background-attachment":"scroll","background-type":"","background-media":"","overlay-type":"","overlay-color":"","overlay-opacity":"","overlay-gradient":""}},"footnotes":""},"class_list":["post-1387","page","type-page","status-publish","hentry"],"yoast_head":"<!-- This site is optimized with the Yoast SEO plugin v27.4 - https:\/\/yoast.com\/product\/yoast-seo-wordpress\/ -->\n<title>Politique de confidentialit\u00e9 - HotelPalacete.net<\/title>\n<meta name=\"robots\" content=\"index, follow, max-snippet:-1, max-image-preview:large, max-video-preview:-1\" \/>\n<link rel=\"canonical\" href=\"https:\/\/hotelpalacete.net\/fr\/politique-de-confidentialite\/\" \/>\n<meta property=\"og:locale\" content=\"fr_FR\" \/>\n<meta property=\"og:type\" content=\"article\" \/>\n<meta property=\"og:title\" content=\"Politique de confidentialit\u00e9 - HotelPalacete.net\" \/>\n<meta property=\"og:description\" content=\"Hotel Palacete Pol\u00edtica de Privacidad IDENTIDAD Y DIRECCI\u00d3N DEL RESPONSABLE DEL FICHERO DONDE SE ENCUENTRAN SU DATOS\u00a0En virtud de la normativa aplicable en materia de Protecci\u00f3n de Datos de Car\u00e1cter Personal, Hotel Palacete con domicilio en Plaza Guip\u00fazcoa n\u00famero 5, 20280 Hondarribia (Guip\u00fazcoa) (en adelante Hotel Palacete o los responsables del fichero) le informan que [&hellip;]\" \/>\n<meta property=\"og:url\" content=\"https:\/\/hotelpalacete.net\/fr\/politique-de-confidentialite\/\" \/>\n<meta property=\"og:site_name\" content=\"HotelPalacete.net\" \/>\n<meta property=\"article:publisher\" content=\"https:\/\/www.facebook.com\/hotelpalacete\/\" \/>\n<meta name=\"twitter:card\" content=\"summary_large_image\" \/>\n<meta name=\"twitter:label1\" content=\"Dur\u00e9e de lecture estim\u00e9e\" \/>\n\t<meta name=\"twitter:data1\" content=\"6 minutes\" \/>\n<script type=\"application\/ld+json\" class=\"yoast-schema-graph\">{\"@context\":\"https:\\\/\\\/schema.org\",\"@graph\":[{\"@type\":\"WebPage\",\"@id\":\"https:\\\/\\\/hotelpalacete.net\\\/fr\\\/politique-de-confidentialite\\\/\",\"url\":\"https:\\\/\\\/hotelpalacete.net\\\/fr\\\/politique-de-confidentialite\\\/\",\"name\":\"Politique de confidentialit\u00e9 - HotelPalacete.net\",\"isPartOf\":{\"@id\":\"https:\\\/\\\/hotelpalacete.net\\\/fr\\\/#website\"},\"datePublished\":\"2019-06-01T09:31:47+00:00\",\"breadcrumb\":{\"@id\":\"https:\\\/\\\/hotelpalacete.net\\\/fr\\\/politique-de-confidentialite\\\/#breadcrumb\"},\"inLanguage\":\"fr-FR\",\"potentialAction\":[{\"@type\":\"ReadAction\",\"target\":[\"https:\\\/\\\/hotelpalacete.net\\\/fr\\\/politique-de-confidentialite\\\/\"]}]},{\"@type\":\"BreadcrumbList\",\"@id\":\"https:\\\/\\\/hotelpalacete.net\\\/fr\\\/politique-de-confidentialite\\\/#breadcrumb\",\"itemListElement\":[{\"@type\":\"ListItem\",\"position\":1,\"name\":\"Portada\",\"item\":\"https:\\\/\\\/hotelpalacete.net\\\/fr\\\/\"},{\"@type\":\"ListItem\",\"position\":2,\"name\":\"Politique de confidentialit\u00e9\"}]},{\"@type\":\"WebSite\",\"@id\":\"https:\\\/\\\/hotelpalacete.net\\\/fr\\\/#website\",\"url\":\"https:\\\/\\\/hotelpalacete.net\\\/fr\\\/\",\"name\":\"HotelPalacete.net\",\"description\":\"Un hotel romantico en Hondarribia\",\"publisher\":{\"@id\":\"https:\\\/\\\/hotelpalacete.net\\\/fr\\\/#organization\"},\"potentialAction\":[{\"@type\":\"SearchAction\",\"target\":{\"@type\":\"EntryPoint\",\"urlTemplate\":\"https:\\\/\\\/hotelpalacete.net\\\/fr\\\/?s={search_term_string}\"},\"query-input\":{\"@type\":\"PropertyValueSpecification\",\"valueRequired\":true,\"valueName\":\"search_term_string\"}}],\"inLanguage\":\"fr-FR\"},{\"@type\":\"Organization\",\"@id\":\"https:\\\/\\\/hotelpalacete.net\\\/fr\\\/#organization\",\"name\":\"Hotel Palacete en Fuenterrabia\",\"url\":\"https:\\\/\\\/hotelpalacete.net\\\/fr\\\/\",\"logo\":{\"@type\":\"ImageObject\",\"inLanguage\":\"fr-FR\",\"@id\":\"https:\\\/\\\/hotelpalacete.net\\\/fr\\\/#\\\/schema\\\/logo\\\/image\\\/\",\"url\":\"https:\\\/\\\/hotelpalacete.net\\\/wp-content\\\/uploads\\\/2019\\\/06\\\/Logo-Hotel-romatico-fuentrabia.png\",\"contentUrl\":\"https:\\\/\\\/hotelpalacete.net\\\/wp-content\\\/uploads\\\/2019\\\/06\\\/Logo-Hotel-romatico-fuentrabia.png\",\"width\":211,\"height\":134,\"caption\":\"Hotel Palacete en Fuenterrabia\"},\"image\":{\"@id\":\"https:\\\/\\\/hotelpalacete.net\\\/fr\\\/#\\\/schema\\\/logo\\\/image\\\/\"},\"sameAs\":[\"https:\\\/\\\/www.facebook.com\\\/hotelpalacete\\\/\",\"https:\\\/\\\/instawidget.net\\\/v\\\/user\\\/hotelpalacete\"]}]}<\/script>\n<!-- \/ Yoast SEO plugin. -->","yoast_head_json":{"title":"Politique de confidentialit\u00e9 - HotelPalacete.net","robots":{"index":"index","follow":"follow","max-snippet":"max-snippet:-1","max-image-preview":"max-image-preview:large","max-video-preview":"max-video-preview:-1"},"canonical":"https:\/\/hotelpalacete.net\/fr\/politique-de-confidentialite\/","og_locale":"fr_FR","og_type":"article","og_title":"Politique de confidentialit\u00e9 - HotelPalacete.net","og_description":"Hotel Palacete Pol\u00edtica de Privacidad IDENTIDAD Y DIRECCI\u00d3N DEL RESPONSABLE DEL FICHERO DONDE SE ENCUENTRAN SU DATOS\u00a0En virtud de la normativa aplicable en materia de Protecci\u00f3n de Datos de Car\u00e1cter Personal, Hotel Palacete con domicilio en Plaza Guip\u00fazcoa n\u00famero 5, 20280 Hondarribia (Guip\u00fazcoa) (en adelante Hotel Palacete o los responsables del fichero) le informan que [&hellip;]","og_url":"https:\/\/hotelpalacete.net\/fr\/politique-de-confidentialite\/","og_site_name":"HotelPalacete.net","article_publisher":"https:\/\/www.facebook.com\/hotelpalacete\/","twitter_card":"summary_large_image","twitter_misc":{"Dur\u00e9e de lecture estim\u00e9e":"6 minutes"},"schema":{"@context":"https:\/\/schema.org","@graph":[{"@type":"WebPage","@id":"https:\/\/hotelpalacete.net\/fr\/politique-de-confidentialite\/","url":"https:\/\/hotelpalacete.net\/fr\/politique-de-confidentialite\/","name":"Politique de confidentialit\u00e9 - HotelPalacete.net","isPartOf":{"@id":"https:\/\/hotelpalacete.net\/fr\/#website"},"datePublished":"2019-06-01T09:31:47+00:00","breadcrumb":{"@id":"https:\/\/hotelpalacete.net\/fr\/politique-de-confidentialite\/#breadcrumb"},"inLanguage":"fr-FR","potentialAction":[{"@type":"ReadAction","target":["https:\/\/hotelpalacete.net\/fr\/politique-de-confidentialite\/"]}]},{"@type":"BreadcrumbList","@id":"https:\/\/hotelpalacete.net\/fr\/politique-de-confidentialite\/#breadcrumb","itemListElement":[{"@type":"ListItem","position":1,"name":"Portada","item":"https:\/\/hotelpalacete.net\/fr\/"},{"@type":"ListItem","position":2,"name":"Politique de confidentialit\u00e9"}]},{"@type":"WebSite","@id":"https:\/\/hotelpalacete.net\/fr\/#website","url":"https:\/\/hotelpalacete.net\/fr\/","name":"HotelPalacete.net","description":"Un hotel romantico en Hondarribia","publisher":{"@id":"https:\/\/hotelpalacete.net\/fr\/#organization"},"potentialAction":[{"@type":"SearchAction","target":{"@type":"EntryPoint","urlTemplate":"https:\/\/hotelpalacete.net\/fr\/?s={search_term_string}"},"query-input":{"@type":"PropertyValueSpecification","valueRequired":true,"valueName":"search_term_string"}}],"inLanguage":"fr-FR"},{"@type":"Organization","@id":"https:\/\/hotelpalacete.net\/fr\/#organization","name":"Hotel Palacete en Fuenterrabia","url":"https:\/\/hotelpalacete.net\/fr\/","logo":{"@type":"ImageObject","inLanguage":"fr-FR","@id":"https:\/\/hotelpalacete.net\/fr\/#\/schema\/logo\/image\/","url":"https:\/\/hotelpalacete.net\/wp-content\/uploads\/2019\/06\/Logo-Hotel-romatico-fuentrabia.png","contentUrl":"https:\/\/hotelpalacete.net\/wp-content\/uploads\/2019\/06\/Logo-Hotel-romatico-fuentrabia.png","width":211,"height":134,"caption":"Hotel Palacete en Fuenterrabia"},"image":{"@id":"https:\/\/hotelpalacete.net\/fr\/#\/schema\/logo\/image\/"},"sameAs":["https:\/\/www.facebook.com\/hotelpalacete\/","https:\/\/instawidget.net\/v\/user\/hotelpalacete"]}]}},"_links":{"self":[{"href":"https:\/\/hotelpalacete.net\/fr\/wp-json\/wp\/v2\/pages\/1387","targetHints":{"allow":["GET"]}}],"collection":[{"href":"https:\/\/hotelpalacete.net\/fr\/wp-json\/wp\/v2\/pages"}],"about":[{"href":"https:\/\/hotelpalacete.net\/fr\/wp-json\/wp\/v2\/types\/page"}],"author":[{"embeddable":true,"href":"https:\/\/hotelpalacete.net\/fr\/wp-json\/wp\/v2\/users\/1"}],"replies":[{"embeddable":true,"href":"https:\/\/hotelpalacete.net\/fr\/wp-json\/wp\/v2\/comments?post=1387"}],"version-history":[{"count":0,"href":"https:\/\/hotelpalacete.net\/fr\/wp-json\/wp\/v2\/pages\/1387\/revisions"}],"wp:attachment":[{"href":"https:\/\/hotelpalacete.net\/fr\/wp-json\/wp\/v2\/media?parent=1387"}],"curies":[{"name":"wp","href":"https:\/\/api.w.org\/{rel}","templated":true}]}}