{"id":1382,"date":"2019-06-01T11:28:41","date_gmt":"2019-06-01T09:28:41","guid":{"rendered":"https:\/\/hotelpalacete.appbera.com\/cookies-policy\/"},"modified":"2019-06-01T11:28:41","modified_gmt":"2019-06-01T09:28:41","slug":"cookies-policy","status":"publish","type":"page","link":"https:\/\/hotelpalacete.net\/en\/cookies-policy\/","title":{"rendered":"Cookies policy"},"content":{"rendered":"<p>&nbsp;<\/p>\n<h1 class=\"titulo wow fadeInRight\" data-wow-duration=\"1s\" data-wow-delay=\".6s\">Pol\u00edtica de cookies<\/h1>\n<h2 class=\"subtitulo wow fadeInRight\" data-wow-duration=\"1s\" data-wow-delay=\".6s\">Hotel Palacete<\/h2>\n<p class=\"wow fadeInUp\" data-wow-duration=\"1s\" data-wow-delay=\".7s\">Este sitio web utiliza cookies, tanto propias como de terceros, para recopilar informaci\u00f3n estad\u00edstica sobre su navegaci\u00f3n y mostrarle publicidad relacionada con sus preferencias, generada a partir de sus pautas de navegaci\u00f3n. Si continua navegando, consideramos que acepta su uso. Puede cambiar la configuraci\u00f3n u obtener m\u00e1s informaci\u00f3n de cookies aqu\u00ed:<\/p>\n<p><b>POL\u00cdTICA DE COOKIES DE HOTEL PALACETE<\/b><\/p>\n<p class=\"wow fadeInUp\" data-wow-duration=\"1s\" data-wow-delay=\".7s\">Esta p\u00e1gina web usa cookies de identificaci\u00f3n de sesi\u00f3n para mejorar la experiencia del usuario, as\u00ed como para recopilar informaci\u00f3n estad\u00edstica sobre su navegaci\u00f3n y mostrarle publicidad relacionada con sus preferencias. A continuaci\u00f3n encontrar\u00e1 informaci\u00f3n sobre qu\u00e9 son las \u201ccookies\u201d, qu\u00e9 tipo de cookies utiliza este portal, c\u00f3mo puede desactivar las cookies en su navegador y c\u00f3mo desactivar espec\u00edficamente la instalaci\u00f3n de cookies de terceros. \u00bfQu\u00e9 son las cookies? Las cookies son peque\u00f1os archivos que algunas plataformas, como las p\u00e1ginas web, pueden instalar en su ordenador, smartphone, tableta o televisi\u00f3n conectada. Sus funciones pueden ser muy variadas: almacenar sus preferencias de navegaci\u00f3n, recopilar informaci\u00f3n estad\u00edstica, permitir ciertas funcionalidades t\u00e9cnicas&#8230; Cookies propias: Son las cookies utilizadas por HOTEL PALACETE como editor web. Cookies de terceros: En nuestras p\u00e1ginas se pueden instalar cookies de terceros que permiten gestionar y mejorar los servicios que \u00e9stos ofrecen. Un ejemplo de este uso son los enlaces a las redes sociales que permiten compartir nuestros contenidos. \u00bfPor qu\u00e9 son importantes? Las cookies son \u00fatiles por varios motivos. Desde un punto de vista t\u00e9cnico, permiten que las p\u00e1ginas web funcionen de forma m\u00e1s \u00e1gil y adaptada a sus preferencias. Adem\u00e1s, nos ayudan a mejorar los servicios que ofrecemos gracias a la informaci\u00f3n estad\u00edstica que recogen a trav\u00e9s de ellas. Finalmente, sirven para hacer m\u00e1s eficiente la publicidad que le mostramos.<\/p>\n<p>Tipos de cookies Junto a las cookies de registro que le identifican como usuario registrado e indican cu\u00e1ndo usted se ha identificado en el portal, utilizamos otras cookies sobre las que usted ha prestado su consentimiento: Cookies de an\u00e1lisis: Son aqu\u00e9llas que bien tratadas por nosotros o por terceros, nos permiten cuantificar el n\u00famero de usuarios y as\u00ed realizar la medici\u00f3n y an\u00e1lisis estad\u00edstico de la utilizaci\u00f3n que hacen los usuarios del servicio ofertado. Para ello se analiza su navegaci\u00f3n en nuestra p\u00e1gina web con el fin de mejorar la oferta de productos o servicios que le ofrecemos. Cookies publicitarias: Son aqu\u00e9llas que, bien tratadas por nosotros o por terceros, nos permiten gestionar de la forma m\u00e1s eficaz posible la oferta de los espacios publicitarios que hay en la p\u00e1gina web, adecuando el contenido del anuncio al contenido del servicio solicitado o al uso que realice de nuestra p\u00e1gina web. Para ello podemos analizar sus h\u00e1bitos de navegaci\u00f3n en Internet y podemos mostrarle publicidad relacionada con su perfil de navegaci\u00f3n.<\/p>\n<p>Desactivaci\u00f3n y eliminaci\u00f3n de cookies<\/p>\n<p>Puede deshabilitar las cookies mediante la configuraci\u00f3n del explorador que le permite rechazar el establecimiento de cookies, en su totalidad o en parte. Sin embargo, si utiliza la configuraci\u00f3n del explorador para bloquear todas las cookies, es posible que no pueda acceder total o parcialmente al Sitio. Puede optar para que el ordenador le advierta cada vez que se le env\u00ede una cookie o puede optar por desactivar todas las cookies. Puede hacerlo a trav\u00e9s de las configuraciones de su navegador. Cada navegador es distinto, por lo que probablemente necesitar\u00e1 echar un vistazo a su men\u00fa Ayuda. A continuaci\u00f3n le ofrecemos enlaces en los que encontrar\u00e1 informaci\u00f3n sobre c\u00f3mo puede activar sus preferencias en los principales navegadores:<\/p>\n<p>Google Chrome<br \/>\nMozilla Firefox<\/p>\n<p>Internet Explorer http:\/\/support.microsoft.com\/kb\/196955\/es Finalmente, puede usted dirigirse al portal Your Online Choices d\u00f3nde adem\u00e1s de encontrar informaci\u00f3n \u00fatil, podr\u00e1 configurar, proveedor por proveedor, sus preferencias sobre las cookies publicitarias de terceros. Usted puede retirar el consentimiento previamente otorgado para la instalaci\u00f3n y tratamiento de cookies en cualquier momento. Le informamos que la retirada del consentimiento puede afectar a la funcionalidad de la web. Si desea contactar con nosotros al respecto puede hacerlo en (info@hotelpalacete.net)<\/p>\n","protected":false},"excerpt":{"rendered":"<p>&nbsp; Pol\u00edtica de cookies Hotel Palacete Este sitio web utiliza cookies, tanto propias como de terceros, para recopilar informaci\u00f3n estad\u00edstica sobre su navegaci\u00f3n y mostrarle publicidad relacionada con sus preferencias, generada a partir de sus pautas de navegaci\u00f3n. Si continua navegando, consideramos que acepta su uso. Puede cambiar la configuraci\u00f3n u obtener m\u00e1s informaci\u00f3n de [&hellip;]<\/p>\n","protected":false},"author":1,"featured_media":0,"parent":0,"menu_order":0,"comment_status":"closed","ping_status":"closed","template":"","meta":{"_monsterinsights_skip_tracking":false,"_monsterinsights_sitenote_active":false,"_monsterinsights_sitenote_note":"","_monsterinsights_sitenote_category":0,"site-sidebar-layout":"default","site-content-layout":"","ast-site-content-layout":"default","site-content-style":"default","site-sidebar-style":"default","ast-global-header-display":"","ast-banner-title-visibility":"","ast-main-header-display":"","ast-hfb-above-header-display":"","ast-hfb-below-header-display":"","ast-hfb-mobile-header-display":"","site-post-title":"","ast-breadcrumbs-content":"","ast-featured-img":"","footer-sml-layout":"","ast-disable-related-posts":"","theme-transparent-header-meta":"","adv-header-id-meta":"","stick-header-meta":"","header-above-stick-meta":"","header-main-stick-meta":"","header-below-stick-meta":"","astra-migrate-meta-layouts":"default","ast-page-background-enabled":"default","ast-page-background-meta":{"desktop":{"background-color":"","background-image":"","background-repeat":"repeat","background-position":"center center","background-size":"auto","background-attachment":"scroll","background-type":"","background-media":"","overlay-type":"","overlay-color":"","overlay-opacity":"","overlay-gradient":""},"tablet":{"background-color":"","background-image":"","background-repeat":"repeat","background-position":"center center","background-size":"auto","background-attachment":"scroll","background-type":"","background-media":"","overlay-type":"","overlay-color":"","overlay-opacity":"","overlay-gradient":""},"mobile":{"background-color":"","background-image":"","background-repeat":"repeat","background-position":"center center","background-size":"auto","background-attachment":"scroll","background-type":"","background-media":"","overlay-type":"","overlay-color":"","overlay-opacity":"","overlay-gradient":""}},"ast-content-background-meta":{"desktop":{"background-color":"var(--ast-global-color-5)","background-image":"","background-repeat":"repeat","background-position":"center center","background-size":"auto","background-attachment":"scroll","background-type":"","background-media":"","overlay-type":"","overlay-color":"","overlay-opacity":"","overlay-gradient":""},"tablet":{"background-color":"var(--ast-global-color-5)","background-image":"","background-repeat":"repeat","background-position":"center center","background-size":"auto","background-attachment":"scroll","background-type":"","background-media":"","overlay-type":"","overlay-color":"","overlay-opacity":"","overlay-gradient":""},"mobile":{"background-color":"var(--ast-global-color-5)","background-image":"","background-repeat":"repeat","background-position":"center center","background-size":"auto","background-attachment":"scroll","background-type":"","background-media":"","overlay-type":"","overlay-color":"","overlay-opacity":"","overlay-gradient":""}},"footnotes":""},"class_list":["post-1382","page","type-page","status-publish","hentry"],"yoast_head":"<!-- This site is optimized with the Yoast SEO plugin v27.4 - https:\/\/yoast.com\/product\/yoast-seo-wordpress\/ -->\n<title>Cookies policy - HotelPalacete.net<\/title>\n<meta name=\"robots\" content=\"index, follow, max-snippet:-1, max-image-preview:large, max-video-preview:-1\" \/>\n<link rel=\"canonical\" href=\"https:\/\/hotelpalacete.net\/en\/cookies-policy\/\" \/>\n<meta property=\"og:locale\" content=\"en_US\" \/>\n<meta property=\"og:type\" content=\"article\" \/>\n<meta property=\"og:title\" content=\"Cookies policy - HotelPalacete.net\" \/>\n<meta property=\"og:description\" content=\"&nbsp; Pol\u00edtica de cookies Hotel Palacete Este sitio web utiliza cookies, tanto propias como de terceros, para recopilar informaci\u00f3n estad\u00edstica sobre su navegaci\u00f3n y mostrarle publicidad relacionada con sus preferencias, generada a partir de sus pautas de navegaci\u00f3n. Si continua navegando, consideramos que acepta su uso. Puede cambiar la configuraci\u00f3n u obtener m\u00e1s informaci\u00f3n de [&hellip;]\" \/>\n<meta property=\"og:url\" content=\"https:\/\/hotelpalacete.net\/en\/cookies-policy\/\" \/>\n<meta property=\"og:site_name\" content=\"HotelPalacete.net\" \/>\n<meta property=\"article:publisher\" content=\"https:\/\/www.facebook.com\/hotelpalacete\/\" \/>\n<meta name=\"twitter:card\" content=\"summary_large_image\" \/>\n<meta name=\"twitter:label1\" content=\"Est. reading time\" \/>\n\t<meta name=\"twitter:data1\" content=\"4 minutes\" \/>\n<script type=\"application\/ld+json\" class=\"yoast-schema-graph\">{\"@context\":\"https:\\\/\\\/schema.org\",\"@graph\":[{\"@type\":\"WebPage\",\"@id\":\"https:\\\/\\\/hotelpalacete.net\\\/en\\\/cookies-policy\\\/\",\"url\":\"https:\\\/\\\/hotelpalacete.net\\\/en\\\/cookies-policy\\\/\",\"name\":\"Cookies policy - HotelPalacete.net\",\"isPartOf\":{\"@id\":\"https:\\\/\\\/hotelpalacete.net\\\/en\\\/#website\"},\"datePublished\":\"2019-06-01T09:28:41+00:00\",\"breadcrumb\":{\"@id\":\"https:\\\/\\\/hotelpalacete.net\\\/en\\\/cookies-policy\\\/#breadcrumb\"},\"inLanguage\":\"en-US\",\"potentialAction\":[{\"@type\":\"ReadAction\",\"target\":[\"https:\\\/\\\/hotelpalacete.net\\\/en\\\/cookies-policy\\\/\"]}]},{\"@type\":\"BreadcrumbList\",\"@id\":\"https:\\\/\\\/hotelpalacete.net\\\/en\\\/cookies-policy\\\/#breadcrumb\",\"itemListElement\":[{\"@type\":\"ListItem\",\"position\":1,\"name\":\"Portada\",\"item\":\"https:\\\/\\\/hotelpalacete.net\\\/en\\\/\"},{\"@type\":\"ListItem\",\"position\":2,\"name\":\"Cookies policy\"}]},{\"@type\":\"WebSite\",\"@id\":\"https:\\\/\\\/hotelpalacete.net\\\/en\\\/#website\",\"url\":\"https:\\\/\\\/hotelpalacete.net\\\/en\\\/\",\"name\":\"HotelPalacete.net\",\"description\":\"Un hotel romantico en Hondarribia\",\"publisher\":{\"@id\":\"https:\\\/\\\/hotelpalacete.net\\\/en\\\/#organization\"},\"potentialAction\":[{\"@type\":\"SearchAction\",\"target\":{\"@type\":\"EntryPoint\",\"urlTemplate\":\"https:\\\/\\\/hotelpalacete.net\\\/en\\\/?s={search_term_string}\"},\"query-input\":{\"@type\":\"PropertyValueSpecification\",\"valueRequired\":true,\"valueName\":\"search_term_string\"}}],\"inLanguage\":\"en-US\"},{\"@type\":\"Organization\",\"@id\":\"https:\\\/\\\/hotelpalacete.net\\\/en\\\/#organization\",\"name\":\"Hotel Palacete en Fuenterrabia\",\"url\":\"https:\\\/\\\/hotelpalacete.net\\\/en\\\/\",\"logo\":{\"@type\":\"ImageObject\",\"inLanguage\":\"en-US\",\"@id\":\"https:\\\/\\\/hotelpalacete.net\\\/en\\\/#\\\/schema\\\/logo\\\/image\\\/\",\"url\":\"https:\\\/\\\/hotelpalacete.net\\\/wp-content\\\/uploads\\\/2019\\\/06\\\/Logo-Hotel-romatico-fuentrabia.png\",\"contentUrl\":\"https:\\\/\\\/hotelpalacete.net\\\/wp-content\\\/uploads\\\/2019\\\/06\\\/Logo-Hotel-romatico-fuentrabia.png\",\"width\":211,\"height\":134,\"caption\":\"Hotel Palacete en Fuenterrabia\"},\"image\":{\"@id\":\"https:\\\/\\\/hotelpalacete.net\\\/en\\\/#\\\/schema\\\/logo\\\/image\\\/\"},\"sameAs\":[\"https:\\\/\\\/www.facebook.com\\\/hotelpalacete\\\/\",\"https:\\\/\\\/instawidget.net\\\/v\\\/user\\\/hotelpalacete\"]}]}<\/script>\n<!-- \/ Yoast SEO plugin. -->","yoast_head_json":{"title":"Cookies policy - HotelPalacete.net","robots":{"index":"index","follow":"follow","max-snippet":"max-snippet:-1","max-image-preview":"max-image-preview:large","max-video-preview":"max-video-preview:-1"},"canonical":"https:\/\/hotelpalacete.net\/en\/cookies-policy\/","og_locale":"en_US","og_type":"article","og_title":"Cookies policy - HotelPalacete.net","og_description":"&nbsp; Pol\u00edtica de cookies Hotel Palacete Este sitio web utiliza cookies, tanto propias como de terceros, para recopilar informaci\u00f3n estad\u00edstica sobre su navegaci\u00f3n y mostrarle publicidad relacionada con sus preferencias, generada a partir de sus pautas de navegaci\u00f3n. Si continua navegando, consideramos que acepta su uso. Puede cambiar la configuraci\u00f3n u obtener m\u00e1s informaci\u00f3n de [&hellip;]","og_url":"https:\/\/hotelpalacete.net\/en\/cookies-policy\/","og_site_name":"HotelPalacete.net","article_publisher":"https:\/\/www.facebook.com\/hotelpalacete\/","twitter_card":"summary_large_image","twitter_misc":{"Est. reading time":"4 minutes"},"schema":{"@context":"https:\/\/schema.org","@graph":[{"@type":"WebPage","@id":"https:\/\/hotelpalacete.net\/en\/cookies-policy\/","url":"https:\/\/hotelpalacete.net\/en\/cookies-policy\/","name":"Cookies policy - HotelPalacete.net","isPartOf":{"@id":"https:\/\/hotelpalacete.net\/en\/#website"},"datePublished":"2019-06-01T09:28:41+00:00","breadcrumb":{"@id":"https:\/\/hotelpalacete.net\/en\/cookies-policy\/#breadcrumb"},"inLanguage":"en-US","potentialAction":[{"@type":"ReadAction","target":["https:\/\/hotelpalacete.net\/en\/cookies-policy\/"]}]},{"@type":"BreadcrumbList","@id":"https:\/\/hotelpalacete.net\/en\/cookies-policy\/#breadcrumb","itemListElement":[{"@type":"ListItem","position":1,"name":"Portada","item":"https:\/\/hotelpalacete.net\/en\/"},{"@type":"ListItem","position":2,"name":"Cookies policy"}]},{"@type":"WebSite","@id":"https:\/\/hotelpalacete.net\/en\/#website","url":"https:\/\/hotelpalacete.net\/en\/","name":"HotelPalacete.net","description":"Un hotel romantico en Hondarribia","publisher":{"@id":"https:\/\/hotelpalacete.net\/en\/#organization"},"potentialAction":[{"@type":"SearchAction","target":{"@type":"EntryPoint","urlTemplate":"https:\/\/hotelpalacete.net\/en\/?s={search_term_string}"},"query-input":{"@type":"PropertyValueSpecification","valueRequired":true,"valueName":"search_term_string"}}],"inLanguage":"en-US"},{"@type":"Organization","@id":"https:\/\/hotelpalacete.net\/en\/#organization","name":"Hotel Palacete en Fuenterrabia","url":"https:\/\/hotelpalacete.net\/en\/","logo":{"@type":"ImageObject","inLanguage":"en-US","@id":"https:\/\/hotelpalacete.net\/en\/#\/schema\/logo\/image\/","url":"https:\/\/hotelpalacete.net\/wp-content\/uploads\/2019\/06\/Logo-Hotel-romatico-fuentrabia.png","contentUrl":"https:\/\/hotelpalacete.net\/wp-content\/uploads\/2019\/06\/Logo-Hotel-romatico-fuentrabia.png","width":211,"height":134,"caption":"Hotel Palacete en Fuenterrabia"},"image":{"@id":"https:\/\/hotelpalacete.net\/en\/#\/schema\/logo\/image\/"},"sameAs":["https:\/\/www.facebook.com\/hotelpalacete\/","https:\/\/instawidget.net\/v\/user\/hotelpalacete"]}]}},"_links":{"self":[{"href":"https:\/\/hotelpalacete.net\/en\/wp-json\/wp\/v2\/pages\/1382","targetHints":{"allow":["GET"]}}],"collection":[{"href":"https:\/\/hotelpalacete.net\/en\/wp-json\/wp\/v2\/pages"}],"about":[{"href":"https:\/\/hotelpalacete.net\/en\/wp-json\/wp\/v2\/types\/page"}],"author":[{"embeddable":true,"href":"https:\/\/hotelpalacete.net\/en\/wp-json\/wp\/v2\/users\/1"}],"replies":[{"embeddable":true,"href":"https:\/\/hotelpalacete.net\/en\/wp-json\/wp\/v2\/comments?post=1382"}],"version-history":[{"count":0,"href":"https:\/\/hotelpalacete.net\/en\/wp-json\/wp\/v2\/pages\/1382\/revisions"}],"wp:attachment":[{"href":"https:\/\/hotelpalacete.net\/en\/wp-json\/wp\/v2\/media?parent=1382"}],"curies":[{"name":"wp","href":"https:\/\/api.w.org\/{rel}","templated":true}]}}